{"id":222562,"date":"2026-02-12T18:55:11","date_gmt":"2026-02-12T17:55:11","guid":{"rendered":"https:\/\/oval-immo.fr\/?page_id=222562"},"modified":"2026-02-24T15:43:05","modified_gmt":"2026-02-24T14:43:05","slug":"mentions-legales","status":"publish","type":"page","link":"https:\/\/oval-immo.fr\/?page_id=222562","title":{"rendered":"Mentions L\u00e9gales"},"content":{"rendered":"<p>[et_pb_section fb_built=\u00a0\u00bb1&Prime; admin_label=\u00a0\u00bbSplit Section\u00a0\u00bb _builder_version=\u00a0\u00bb4.16&Prime; custom_margin=\u00a0\u00bb50px||||false|false\u00a0\u00bb custom_padding=\u00a0\u00bb0px||0px|\u00a0\u00bb animation_style=\u00a0\u00bbfold\u00a0\u00bb animation_direction=\u00a0\u00bbbottom\u00a0\u00bb animation_intensity_fold=\u00a0\u00bb4%\u00a0\u00bb global_colors_info=\u00a0\u00bb{}\u00a0\u00bb][et_pb_row _builder_version=\u00a0\u00bb4.16&Prime; _module_preset=\u00a0\u00bbdefault\u00a0\u00bb custom_padding=\u00a0\u00bb|34px||34px||\u00a0\u00bb global_colors_info=\u00a0\u00bb{}\u00a0\u00bb][et_pb_column type=\u00a0\u00bb4_4&Prime; _builder_version=\u00a0\u00bb4.16&Prime; _module_preset=\u00a0\u00bbdefault\u00a0\u00bb global_colors_info=\u00a0\u00bb{}\u00a0\u00bb][et_pb_text _builder_version=\u00a0\u00bb4.27.5&Prime; _module_preset=\u00a0\u00bbdefault\u00a0\u00bb header_font=\u00a0\u00bbJosefin Sans||||||||\u00a0\u00bb header_font_size=\u00a0\u00bb43px\u00a0\u00bb global_colors_info=\u00a0\u00bb{}\u00a0\u00bb]<\/p>\n<h1 style=\"text-align: center;\">MENTIONS LEGALES<\/h1>\n<p>[\/et_pb_text][et_pb_text _builder_version=\u00a0\u00bb4.27.5&Prime; _module_preset=\u00a0\u00bbdefault\u00a0\u00bb global_colors_info=\u00a0\u00bb{}\u00a0\u00bb]<\/p>\n<h1 style=\"text-align: left;\">Structure<\/h1>\n<p style=\"text-align: left;\">Raison sociale : SARL GIKA IMMOBILIER<br \/>Enseigne : OVAL IMM\u041e<br \/>Si\u00e8ge social: 4 avenue Mar\u00e9chal Foch \u2013 19100 Brive la<br \/>gaillarde<br \/>RCS: 432 004 299<br \/>Forme sociale : SARL<br \/>Num\u00e9ro de TVA intracommunautaire: FR80432004299<br \/>Carte professionnelle n\u00b0 CPI 1901 2015 000 001811 d\u00e9livr\u00e9e<br \/>par la CCI de la Corr\u00e8ze &#8211; Brive<br \/>Capital: 11 400 \u20ac<br \/>Caisse garantie financi\u00e8re : Verspieren Paris<br \/>Montant garantie financi\u00e8re : 110 000 \u20ac<br \/>Nom du m\u00e9diateur : MEDI MMO CONSO \u2013 1 all\u00e9e du parc<br \/>de Mesemena &#8211; Bat A &#8211; CS25222- 44505 La Baule cedex<\/p>\n<p>[\/et_pb_text][et_pb_text _builder_version=\u00a0\u00bb4.27.5&Prime; _module_preset=\u00a0\u00bbdefault\u00a0\u00bb global_colors_info=\u00a0\u00bb{}\u00a0\u00bb]<\/p>\n<h1 style=\"text-align: left;\">H\u00e9bergement<\/h1>\n<p style=\"text-align: left;\"><span>LWS (www.lws.fr &#8211; Ligne Web Services)<\/span><br \/><span>SAS au capital de 500 000 Euros<\/span><br \/><span>10, RUE PENTHIEVRE<\/span><br \/><span>75008 PARIS<\/span><br \/><span>FRANCE<\/span><\/p>\n<p>[\/et_pb_text][et_pb_text _builder_version=\u00a0\u00bb4.27.5&Prime; _module_preset=\u00a0\u00bbdefault\u00a0\u00bb global_colors_info=\u00a0\u00bb{}\u00a0\u00bb]<\/p>\n<h1 style=\"text-align: left;\">Editeur<\/h1>\n<p style=\"text-align: left;\">Raison sociale : SARL GIKA IMMOBILIER<br \/>Enseigne : OVAL IMM\u041e<br \/>Si\u00e8ge social: 4 avenue Mar\u00e9chal Foch \u2013 19100 Brive la<br \/>gaillarde<\/p>\n<p>[\/et_pb_text][et_pb_text _builder_version=\u00a0\u00bb4.27.5&Prime; _module_preset=\u00a0\u00bbdefault\u00a0\u00bb global_colors_info=\u00a0\u00bb{}\u00a0\u00bb]<\/p>\n<h1 style=\"text-align: left;\">Le contenu \u00e9ditorial<\/h1>\n<p style=\"text-align: left;\">Le site propose un contenu \u00e9ditorial dans un seul butdocumentaire et \u00e0 titre indicatif. Ce contenu doit \u00eatre pris comme des \u00e9l\u00e9ments de r\u00e9flexion. Les utilisateurs sont invit\u00e9s par l&rsquo;Editeur \u00e0 exploiter ces informations avec un esprit critique et discernement.<\/p>\n<p>[\/et_pb_text][et_pb_text _builder_version=\u00a0\u00bb4.27.5&Prime; _module_preset=\u00a0\u00bbdefault\u00a0\u00bb global_colors_info=\u00a0\u00bb{}\u00a0\u00bb]<\/p>\n<h1 style=\"text-align: left;\">Service Petites Annonces<\/h1>\n<p style=\"text-align: left;\">L&rsquo;Editeur d\u00e9ploie des efforts permanents en termes humain, technique et financier pour assurer un service Petites Annonces de qualit\u00e9 professionnelle en faveur des Utilisateurs du Site. En d\u00e9pit de ses efforts, l&rsquo;Editeur ne pourra en aucun cas \u00eatre tenu pour toute erreur involontaire de sa part ayant pour cons\u00e9quence l&rsquo;absence d&rsquo;exactitude, de fiabilit\u00e9, de pertinence, d&rsquo;exhaustivit\u00e9, d&rsquo;actualit\u00e9 des informations ins\u00e9r\u00e9es sur le service \u00ab\u00a0Petites Annonces\u00a0\u00bb du Site. Il en est de m\u00eame pour la disponibilit\u00e9 juridique des biens cit\u00e9s dans les annonces.<\/p>\n<p>[\/et_pb_text][et_pb_text _builder_version=\u00a0\u00bb4.27.5&Prime; _module_preset=\u00a0\u00bbdefault\u00a0\u00bb global_colors_info=\u00a0\u00bb{}\u00a0\u00bb]<\/p>\n<h1 style=\"text-align: left;\">Dispositif de m\u00e9diation des litiges de consommation<\/h1>\n<p style=\"text-align: left;\">Conform\u00e9ment aux articles du code de la consommation L611-1 et suivants et R612-1 et suivants, il est pr\u00e9vu que pour tout litige de nature contractuelle portant sur l&rsquo;ex\u00e9cution du contrat de vente et\/ou la prestation de services n&rsquo;ayant pu \u00eatre r\u00e9solu dans le cadre d&rsquo;une r\u00e9clamation pr\u00e9alablement introduite aupr\u00e8s de notre service client, le Consommateur pourra recourir gratuitement \u00e0 la m\u00e9diation.<\/p>\n<p>[\/et_pb_text][et_pb_text _builder_version=\u00a0\u00bb4.27.5&Prime; _module_preset=\u00a0\u00bbdefault\u00a0\u00bb hover_enabled=\u00a0\u00bb0&Prime; global_colors_info=\u00a0\u00bb{}\u00a0\u00bb sticky_enabled=\u00a0\u00bb0&Prime;]<\/p>\n<h1 style=\"text-align: left;\">La protection de la vie priv\u00e9e et des donn\u00e9es personnelles<\/h1>\n<p style=\"text-align: left;\">Le Site collecte les informations personnelles fournies par les Utilisateurs \u00e0 l&rsquo;occasion de leur visite sur le Site. Cette collecte permet: L&rsquo;\u00e9tablissement de statistiques g\u00e9n\u00e9rales sur le trafic sur le Site; L&rsquo;envoi vers les adresses mails fournies par les Utilisateurs de r\u00e9ponses, d&rsquo;informations diverses ou annonces provenant de l&rsquo;Editeur. La collecte et le traitement des informations personnelles sur Internet doivent se faire dans le respect des droits fondamentaux des personnes. Par cons\u00e9quent, l&rsquo;Editeur s&rsquo;engage \u00e0 une politique de traitement en conformit\u00e9 avec la loi n\u00b02004-575 du 21 juin 2004 pour la confiance dans l&rsquo;\u00e9conomie num\u00e9rique. Tout utilisateur du Site dispose d&rsquo;un droit d&rsquo;acc\u00e8s, modification, de rectification ou de suppression aux donn\u00e9es personnelles le concernant. Il peut exercer ces droits en contactant l&rsquo;Editeur aux coordonn\u00e9es indiqu\u00e9es en haut de page. Pour faciliter l&rsquo;exercice de ces droits, les Utilisateurs du Site peuvent se d\u00e9sinscrire en cliquant sur les liens hypertextes de d\u00e9sinscription pr\u00e9sents sur les mails adress\u00e9s. Les ordinateurs se connectant aux serveurs du Site re\u00e7oivent sur leur disque dur un ou plusieurs fichiers au format texte tr\u00e8s l\u00e9gers appel\u00e9s commun\u00e9ment \u00a0\u00bb Cookies \u00ab\u00a0.<br \/>Les cookies enregistrent des informations relatives \u00e0 la navigation sur le Site effectu\u00e9e \u00e0 partir de l&rsquo;ordinateur sur lequel est stock\u00e9 le \u00ab\u00a0cookie\u00a0\u00bb (les pages consult\u00e9es, la date et l&rsquo;heure de la consultation, etc.). Ils permettent d&rsquo;identifier les visites successives faites \u00e0 partir d&rsquo;un m\u00eame ordinateur. Les personnes connect\u00e9es au Site ont la libert\u00e9 de s&rsquo;opposer \u00e0 l&rsquo;enregistrement de \u00ab\u00a0cookies\u00a0\u00bb. Pour se faire, elles peuvent employer les fonctionnalit\u00e9s correspondantes sur leur navigateur. Cependant, l&rsquo;Editeur attire l&rsquo;attention des Utilisateurs que, dans un tel cas, l&rsquo;acc\u00e8s \u00e0 certains services du Site peut se r\u00e9v\u00e9ler alt\u00e9r\u00e9e, voire impossible.<\/p>\n<p>[\/et_pb_text][et_pb_text _builder_version=\u00a0\u00bb4.27.5&Prime; _module_preset=\u00a0\u00bbdefault\u00a0\u00bb global_colors_info=\u00a0\u00bb{}\u00a0\u00bb]<\/p>\n<h1 style=\"text-align: left;\">La s\u00e9curit\u00e9 des \u00e9change<\/h1>\n<p style=\"text-align: left;\">L&rsquo;Editeur s&rsquo;engage \u00e0 prendre toutes les mesures juridiques et techniques pour s\u00e9curiser les \u00e9changes. A ce titre, L&rsquo;Editeur s&rsquo;engage \u00e0 une obligation de moyen pour bloquer les d\u00e9tournements de donn\u00e9es, et \u00e0 respecter les r\u00e9glementations applicables. N\u00e9anmoins, les Utilisateurs du Site connaissent les particularit\u00e9s techniques du r\u00e9seau Internet et les risques aff\u00e9rents. Par cons\u00e9quent, L&rsquo;Editeur ne peut garantir \u00e0 ses Utilisateurs que les donn\u00e9es \u00e9chang\u00e9es via les services propos\u00e9s par le Site ne soient pas r\u00e9colt\u00e9es de fa\u00e7on frauduleuse par des tiers.<\/p>\n<p>[\/et_pb_text][et_pb_text _builder_version=\u00a0\u00bb4.27.5&Prime; _module_preset=\u00a0\u00bbdefault\u00a0\u00bb global_colors_info=\u00a0\u00bb{}\u00a0\u00bb]<\/p>\n<h1 style=\"text-align: left;\">Les droits de propri\u00e9t\u00e9 intellectuelle<\/h1>\n<p style=\"text-align: left;\">L&rsquo;Editeur est titulaire de droits concernant certaines donn\u00e9es prot\u00e9g\u00e9es par le Code de la propri\u00e9t\u00e9 intellectuelle. Il en est notamment ainsi pour sa ou ses marques, sa charte graphique, sa base de donn\u00e9es. Par cons\u00e9quent, leur exploitation offline ou online, \u00e0 titre gratuit ou on\u00e9reux, de tout ou partie de ces donn\u00e9es sans le consentement expresse de l&rsquo;Editeur est interdite.<\/p>\n<p>[\/et_pb_text][et_pb_text _builder_version=\u00a0\u00bb4.27.5&Prime; _module_preset=\u00a0\u00bbdefault\u00a0\u00bb global_colors_info=\u00a0\u00bb{}\u00a0\u00bb]<\/p>\n<h1 style=\"text-align: left;\">La disponibilit\u00e9 des services<\/h1>\n<p style=\"text-align: left;\">L&rsquo;Editeur dispose d&rsquo;une obligation de moyens en terme d&rsquo;accessibilit\u00e9 de service et met en place les structures n\u00e9cessaires pour rendre le Site accessible 7 jours sur 7 et 24 heures sur 24. N\u00e9anmoins, L&rsquo;Editeur peut suspendre l&rsquo;acc\u00e8s sans pr\u00e9avis, notamment pour des raisons de maintenance et de mises \u00e0 niveau. L&rsquo;Editeur n&rsquo;est en aucun cas responsable des \u00e9ventuels pr\u00e9judices qui peuvent en d\u00e9couler pour l&rsquo;Utilisateur ou tout tiers. L&rsquo;Editeur peut \u00e0 tout moment supprimer tout ou partie de ses Services ou en modifier leur teneur notamment pour des raisons techniques, et cela sans pr\u00e9avis. L&rsquo;Editeur se r\u00e9serve la facult\u00e9 de refuser, unilat\u00e9ralement et sans notification pr\u00e9alable, \u00e0 tout Utilisateur l&rsquo;acc\u00e8s \u00e0 tout ou partie du Site. Une telle d\u00e9cision pourrait notamment \u00eatre prise en cas de non-respect des termes du pr\u00e9sent texte par un Utilisateur.<\/p>\n<p>[\/et_pb_text][et_pb_text _builder_version=\u00a0\u00bb4.27.5&Prime; _module_preset=\u00a0\u00bbdefault\u00a0\u00bb global_colors_info=\u00a0\u00bb{}\u00a0\u00bb]<\/p>\n<h1 style=\"text-align: left;\">Droit applicable<\/h1>\n<p style=\"text-align: left;\">Le pr\u00e9sent texte est soumis au droit fran\u00e7ais. L&rsquo;Editeur se r\u00e9serve le droit d&rsquo;en amender \u00e0 tout moment les termes, conditions et mentions d&rsquo;avertissement.<\/p>\n<p>[\/et_pb_text][\/et_pb_column][\/et_pb_row][\/et_pb_section]<\/p>\n","protected":false},"excerpt":{"rendered":"<p>MENTIONS LEGALESStructure Raison sociale : SARL GIKA IMMOBILIEREnseigne : OVAL IMM\u041eSi\u00e8ge social: 4 avenue Mar\u00e9chal Foch \u2013 19100 Brive lagaillardeRCS: 432 004 299Forme sociale : SARLNum\u00e9ro de TVA intracommunautaire: FR80432004299Carte professionnelle n\u00b0 CPI 1901 2015 000 001811 d\u00e9livr\u00e9epar la CCI de la Corr\u00e8ze &#8211; BriveCapital: 11 400 \u20acCaisse garantie financi\u00e8re : Verspieren ParisMontant garantie financi\u00e8re [&hellip;]<\/p>\n","protected":false},"author":1,"featured_media":0,"parent":0,"menu_order":0,"comment_status":"closed","ping_status":"closed","template":"","meta":{"_acf_changed":false,"_et_pb_use_builder":"on","_et_pb_old_content":"","_et_gb_content_width":"","footnotes":""},"class_list":["post-222562","page","type-page","status-publish","hentry"],"acf":[],"yoast_head":"<!-- This site is optimized with the Yoast SEO plugin v27.3 - https:\/\/yoast.com\/product\/yoast-seo-wordpress\/ -->\n<title>Agence immobili\u00e8re OVAL Immo : Estimation, Achat, Vente<\/title>\n<meta name=\"description\" content=\"Sp\u00e9cialiste de votre immobilier, acc\u00e9l\u00e9rateur de projets heureux. nous vous accompagnons dans vos projets (vente, achat, location, r\u00e9sidence principale, investissement\u2026).\" \/>\n<meta name=\"robots\" content=\"index, follow, max-snippet:-1, max-image-preview:large, max-video-preview:-1\" \/>\n<link rel=\"canonical\" href=\"https:\/\/oval-immo.fr\/?page_id=222562\" \/>\n<meta property=\"og:locale\" content=\"fr_FR\" \/>\n<meta property=\"og:type\" content=\"article\" \/>\n<meta property=\"og:title\" content=\"Agence immobili\u00e8re OVAL Immo : Estimation, Achat, Vente\" \/>\n<meta property=\"og:description\" content=\"Sp\u00e9cialiste de votre immobilier, acc\u00e9l\u00e9rateur de projets heureux. nous vous accompagnons dans vos projets (vente, achat, location, r\u00e9sidence principale, investissement\u2026).\" \/>\n<meta property=\"og:url\" content=\"https:\/\/oval-immo.fr\/?page_id=222562\" \/>\n<meta property=\"og:site_name\" content=\"Agence immobili\u00e8re OVAL Immo : Estimation, Achat, Vente\" \/>\n<meta property=\"article:modified_time\" content=\"2026-02-24T14:43:05+00:00\" \/>\n<meta name=\"twitter:label1\" content=\"Dur\u00e9e de lecture estim\u00e9e\" \/>\n\t<meta name=\"twitter:data1\" content=\"1 minute\" \/>\n<script type=\"application\/ld+json\" class=\"yoast-schema-graph\">{\"@context\":\"https:\\\/\\\/schema.org\",\"@graph\":[{\"@type\":\"WebPage\",\"@id\":\"https:\\\/\\\/oval-immo.fr\\\/?page_id=222562\",\"url\":\"https:\\\/\\\/oval-immo.fr\\\/?page_id=222562\",\"name\":\"Agence immobili\u00e8re OVAL Immo : Estimation, Achat, Vente\",\"isPartOf\":{\"@id\":\"https:\\\/\\\/oval-immo.fr\\\/#website\"},\"datePublished\":\"2026-02-12T17:55:11+00:00\",\"dateModified\":\"2026-02-24T14:43:05+00:00\",\"description\":\"Sp\u00e9cialiste de votre immobilier, acc\u00e9l\u00e9rateur de projets heureux. nous vous accompagnons dans vos projets (vente, achat, location, r\u00e9sidence principale, investissement\u2026).\",\"inLanguage\":\"fr-FR\",\"potentialAction\":[{\"@type\":\"ReadAction\",\"target\":[\"https:\\\/\\\/oval-immo.fr\\\/?page_id=222562\"]}]},{\"@type\":\"WebSite\",\"@id\":\"https:\\\/\\\/oval-immo.fr\\\/#website\",\"url\":\"https:\\\/\\\/oval-immo.fr\\\/\",\"name\":\"Agence immobili\u00e8re OVAL Immo : Estimation, Achat, Vente\",\"description\":\"Votre agence immobiliere\",\"publisher\":{\"@id\":\"https:\\\/\\\/oval-immo.fr\\\/#organization\"},\"potentialAction\":[{\"@type\":\"SearchAction\",\"target\":{\"@type\":\"EntryPoint\",\"urlTemplate\":\"https:\\\/\\\/oval-immo.fr\\\/?s={search_term_string}\"},\"query-input\":{\"@type\":\"PropertyValueSpecification\",\"valueRequired\":true,\"valueName\":\"search_term_string\"}}],\"inLanguage\":\"fr-FR\"},{\"@type\":\"Organization\",\"@id\":\"https:\\\/\\\/oval-immo.fr\\\/#organization\",\"name\":\"OVAL Immo\",\"url\":\"https:\\\/\\\/oval-immo.fr\\\/\",\"logo\":{\"@type\":\"ImageObject\",\"inLanguage\":\"fr-FR\",\"@id\":\"https:\\\/\\\/oval-immo.fr\\\/#\\\/schema\\\/logo\\\/image\\\/\",\"url\":\"https:\\\/\\\/oval-immo.fr\\\/wp-content\\\/uploads\\\/2021\\\/03\\\/logo_footer.png\",\"contentUrl\":\"https:\\\/\\\/oval-immo.fr\\\/wp-content\\\/uploads\\\/2021\\\/03\\\/logo_footer.png\",\"width\":295,\"height\":281,\"caption\":\"OVAL Immo\"},\"image\":{\"@id\":\"https:\\\/\\\/oval-immo.fr\\\/#\\\/schema\\\/logo\\\/image\\\/\"}}]}<\/script>\n<!-- \/ Yoast SEO plugin. -->","yoast_head_json":{"title":"Agence immobili\u00e8re OVAL Immo : Estimation, Achat, Vente","description":"Sp\u00e9cialiste de votre immobilier, acc\u00e9l\u00e9rateur de projets heureux. nous vous accompagnons dans vos projets (vente, achat, location, r\u00e9sidence principale, investissement\u2026).","robots":{"index":"index","follow":"follow","max-snippet":"max-snippet:-1","max-image-preview":"max-image-preview:large","max-video-preview":"max-video-preview:-1"},"canonical":"https:\/\/oval-immo.fr\/?page_id=222562","og_locale":"fr_FR","og_type":"article","og_title":"Agence immobili\u00e8re OVAL Immo : Estimation, Achat, Vente","og_description":"Sp\u00e9cialiste de votre immobilier, acc\u00e9l\u00e9rateur de projets heureux. nous vous accompagnons dans vos projets (vente, achat, location, r\u00e9sidence principale, investissement\u2026).","og_url":"https:\/\/oval-immo.fr\/?page_id=222562","og_site_name":"Agence immobili\u00e8re OVAL Immo : Estimation, Achat, Vente","article_modified_time":"2026-02-24T14:43:05+00:00","twitter_misc":{"Dur\u00e9e de lecture estim\u00e9e":"1 minute"},"schema":{"@context":"https:\/\/schema.org","@graph":[{"@type":"WebPage","@id":"https:\/\/oval-immo.fr\/?page_id=222562","url":"https:\/\/oval-immo.fr\/?page_id=222562","name":"Agence immobili\u00e8re OVAL Immo : Estimation, Achat, Vente","isPartOf":{"@id":"https:\/\/oval-immo.fr\/#website"},"datePublished":"2026-02-12T17:55:11+00:00","dateModified":"2026-02-24T14:43:05+00:00","description":"Sp\u00e9cialiste de votre immobilier, acc\u00e9l\u00e9rateur de projets heureux. nous vous accompagnons dans vos projets (vente, achat, location, r\u00e9sidence principale, investissement\u2026).","inLanguage":"fr-FR","potentialAction":[{"@type":"ReadAction","target":["https:\/\/oval-immo.fr\/?page_id=222562"]}]},{"@type":"WebSite","@id":"https:\/\/oval-immo.fr\/#website","url":"https:\/\/oval-immo.fr\/","name":"Agence immobili\u00e8re OVAL Immo : Estimation, Achat, Vente","description":"Votre agence immobiliere","publisher":{"@id":"https:\/\/oval-immo.fr\/#organization"},"potentialAction":[{"@type":"SearchAction","target":{"@type":"EntryPoint","urlTemplate":"https:\/\/oval-immo.fr\/?s={search_term_string}"},"query-input":{"@type":"PropertyValueSpecification","valueRequired":true,"valueName":"search_term_string"}}],"inLanguage":"fr-FR"},{"@type":"Organization","@id":"https:\/\/oval-immo.fr\/#organization","name":"OVAL Immo","url":"https:\/\/oval-immo.fr\/","logo":{"@type":"ImageObject","inLanguage":"fr-FR","@id":"https:\/\/oval-immo.fr\/#\/schema\/logo\/image\/","url":"https:\/\/oval-immo.fr\/wp-content\/uploads\/2021\/03\/logo_footer.png","contentUrl":"https:\/\/oval-immo.fr\/wp-content\/uploads\/2021\/03\/logo_footer.png","width":295,"height":281,"caption":"OVAL Immo"},"image":{"@id":"https:\/\/oval-immo.fr\/#\/schema\/logo\/image\/"}}]}},"_links":{"self":[{"href":"https:\/\/oval-immo.fr\/index.php?rest_route=\/wp\/v2\/pages\/222562","targetHints":{"allow":["GET"]}}],"collection":[{"href":"https:\/\/oval-immo.fr\/index.php?rest_route=\/wp\/v2\/pages"}],"about":[{"href":"https:\/\/oval-immo.fr\/index.php?rest_route=\/wp\/v2\/types\/page"}],"author":[{"embeddable":true,"href":"https:\/\/oval-immo.fr\/index.php?rest_route=\/wp\/v2\/users\/1"}],"replies":[{"embeddable":true,"href":"https:\/\/oval-immo.fr\/index.php?rest_route=%2Fwp%2Fv2%2Fcomments&post=222562"}],"version-history":[{"count":6,"href":"https:\/\/oval-immo.fr\/index.php?rest_route=\/wp\/v2\/pages\/222562\/revisions"}],"predecessor-version":[{"id":222735,"href":"https:\/\/oval-immo.fr\/index.php?rest_route=\/wp\/v2\/pages\/222562\/revisions\/222735"}],"wp:attachment":[{"href":"https:\/\/oval-immo.fr\/index.php?rest_route=%2Fwp%2Fv2%2Fmedia&parent=222562"}],"curies":[{"name":"wp","href":"https:\/\/api.w.org\/{rel}","templated":true}]}}