{"id":219000,"date":"2023-02-16T10:43:59","date_gmt":"2023-02-16T09:43:59","guid":{"rendered":"https:\/\/oval-immo.fr\/?page_id=219000"},"modified":"2023-03-03T11:06:29","modified_gmt":"2023-03-03T10:06:29","slug":"a-propos","status":"publish","type":"page","link":"https:\/\/oval-immo.fr\/?page_id=219000","title":{"rendered":"Le viagier"},"content":{"rendered":"<p>[et_pb_section fb_built=\u00a0\u00bb1&Prime; _builder_version=\u00a0\u00bb4.19.5&Prime; _module_preset=\u00a0\u00bbdefault\u00a0\u00bb module_alignment=\u00a0\u00bbcenter\u00a0\u00bb custom_margin=\u00a0\u00bb55px||||false|false\u00a0\u00bb custom_margin_tablet=\u00a0\u00bb55px||||false|false\u00a0\u00bb custom_margin_phone=\u00a0\u00bb55px||||false|false\u00a0\u00bb custom_margin_last_edited=\u00a0\u00bbon|desktop\u00a0\u00bb custom_padding=\u00a0\u00bb0px|||||\u00a0\u00bb locked=\u00a0\u00bboff\u00a0\u00bb global_colors_info=\u00a0\u00bb{}\u00a0\u00bb][et_pb_row _builder_version=\u00a0\u00bb4.16&Prime; _module_preset=\u00a0\u00bbdefault\u00a0\u00bb custom_padding=\u00a0\u00bb|34px||34px||\u00a0\u00bb global_colors_info=\u00a0\u00bb{}\u00a0\u00bb][et_pb_column type=\u00a0\u00bb4_4&Prime; _builder_version=\u00a0\u00bb4.16&Prime; _module_preset=\u00a0\u00bbdefault\u00a0\u00bb global_colors_info=\u00a0\u00bb{}\u00a0\u00bb][et_pb_text _builder_version=\u00a0\u00bb4.20.0&Prime; _module_preset=\u00a0\u00bbdefault\u00a0\u00bb header_font=\u00a0\u00bbJosefin Sans||||||||\u00a0\u00bb header_font_size=\u00a0\u00bb43px\u00a0\u00bb global_colors_info=\u00a0\u00bb{}\u00a0\u00bb]<\/p>\n<h1 style=\"text-align: center;\">LE VIAGER C&rsquo;EST LA BELLE VIE !<\/h1>\n<p>[\/et_pb_text][\/et_pb_column][\/et_pb_row][et_pb_row _builder_version=\u00a0\u00bb4.16&Prime; _module_preset=\u00a0\u00bbdefault\u00a0\u00bb custom_padding=\u00a0\u00bb|34px||34px||\u00a0\u00bb locked=\u00a0\u00bboff\u00a0\u00bb global_colors_info=\u00a0\u00bb{}\u00a0\u00bb][et_pb_column type=\u00a0\u00bb4_4&Prime; _builder_version=\u00a0\u00bb4.16&Prime; _module_preset=\u00a0\u00bbdefault\u00a0\u00bb global_colors_info=\u00a0\u00bb{}\u00a0\u00bb][et_pb_text _builder_version=\u00a0\u00bb4.20.0&Prime; _module_preset=\u00a0\u00bbdefault\u00a0\u00bb text_font=\u00a0\u00bb|||on|||||\u00a0\u00bb global_colors_info=\u00a0\u00bb{}\u00a0\u00bb]<\/p>\n<p style=\"text-align: center;\"><strong>Qu&rsquo;est-ce que le viager ?<\/strong><\/p>\n<p>[\/et_pb_text][\/et_pb_column][\/et_pb_row][et_pb_row column_structure=\u00a0\u00bb1_2,1_2&Prime; use_custom_gutter=\u00a0\u00bbon\u00a0\u00bb _builder_version=\u00a0\u00bb4.20.0&Prime; _module_preset=\u00a0\u00bbdefault\u00a0\u00bb max_width=\u00a0\u00bb1283px\u00a0\u00bb custom_margin=\u00a0\u00bb||||false|false\u00a0\u00bb custom_margin_tablet=\u00a0\u00bb||||false|false\u00a0\u00bb custom_margin_phone=\u00a0\u00bb\u00a0\u00bb custom_margin_last_edited=\u00a0\u00bbon|tablet\u00a0\u00bb custom_padding=\u00a0\u00bb1px||3px|||\u00a0\u00bb global_colors_info=\u00a0\u00bb{}\u00a0\u00bb][et_pb_column type=\u00a0\u00bb1_2&Prime; _builder_version=\u00a0\u00bb4.19.1&Prime; _module_preset=\u00a0\u00bbdefault\u00a0\u00bb custom_padding=\u00a0\u00bb||0px||false|false\u00a0\u00bb global_colors_info=\u00a0\u00bb{}\u00a0\u00bb][et_pb_image src=\u00a0\u00bbhttps:\/\/oval-immo.fr\/wp-content\/uploads\/2023\/03\/Flyer-Viagier-digital-1.jpg\u00a0\u00bb title_text=\u00a0\u00bbFlyer-Viagier-digital\u00a0\u00bb _builder_version=\u00a0\u00bb4.20.0&Prime; _module_preset=\u00a0\u00bbdefault\u00a0\u00bb global_colors_info=\u00a0\u00bb{}\u00a0\u00bb][\/et_pb_image][\/et_pb_column][et_pb_column type=\u00a0\u00bb1_2&Prime; _builder_version=\u00a0\u00bb4.19.1&Prime; _module_preset=\u00a0\u00bbdefault\u00a0\u00bb custom_padding=\u00a0\u00bb||0px||false|false\u00a0\u00bb global_colors_info=\u00a0\u00bb{}\u00a0\u00bb][et_pb_text ul_type=\u00a0\u00bbsquare\u00a0\u00bb _builder_version=\u00a0\u00bb4.20.0&Prime; _module_preset=\u00a0\u00bbdefault\u00a0\u00bb background_color=\u00a0\u00bb#f2f2f2&Prime; height_tablet=\u00a0\u00bb359px\u00a0\u00bb height_phone=\u00a0\u00bb\u00a0\u00bb height_last_edited=\u00a0\u00bbon|phone\u00a0\u00bb custom_margin=\u00a0\u00bb0px||64px||false|false\u00a0\u00bb custom_margin_tablet=\u00a0\u00bb-29px|||0px|false|false\u00a0\u00bb custom_margin_phone=\u00a0\u00bb|||0px|false|false\u00a0\u00bb custom_margin_last_edited=\u00a0\u00bbon|phone\u00a0\u00bb custom_padding=\u00a0\u00bb50px|50px|50px|50px|false|true\u00a0\u00bb custom_padding_tablet=\u00a0\u00bb\u00a0\u00bb custom_padding_phone=\u00a0\u00bb\u00a0\u00bb custom_padding_last_edited=\u00a0\u00bbon|tablet\u00a0\u00bb hover_enabled=\u00a0\u00bb0&Prime; global_colors_info=\u00a0\u00bb{}\u00a0\u00bb sticky_enabled=\u00a0\u00bb0&Prime;]<\/p>\n<p class=\"font_8\"><strong>Pour le vendeur :<\/strong><\/p>\n<p>&nbsp;<\/p>\n<ul>\n<li class=\"font_8\">Vente de gr\u00e9 \u00e0 gr\u00e9<\/li>\n<li class=\"font_8\">Une retraite compl\u00e9mentaire<\/li>\n<li class=\"font_8\">Une rente vers\u00e9e tous les mois<\/li>\n<li class=\"font_8\">Une vente tradition : particularit\u00e9 porte sur les modalit\u00e9s de paiement (bouquet + rente)<\/li>\n<li class=\"font_8\">Droit d&rsquo;usage et d&rsquo;habitat pour vivre sereinement sans se soucier d&rsquo;argent et pouvoir rester chez soi le plus longtemps possible<\/li>\n<\/ul>\n<p>[\/et_pb_text][et_pb_text ul_type=\u00a0\u00bbsquare\u00a0\u00bb _builder_version=\u00a0\u00bb4.20.0&Prime; _module_preset=\u00a0\u00bbdefault\u00a0\u00bb background_color=\u00a0\u00bb#f2f2f2&Prime; height_tablet=\u00a0\u00bb359px\u00a0\u00bb height_phone=\u00a0\u00bb\u00a0\u00bb height_last_edited=\u00a0\u00bbon|phone\u00a0\u00bb custom_margin=\u00a0\u00bb0px||0px||false|false\u00a0\u00bb custom_margin_tablet=\u00a0\u00bb-29px|||0px|false|false\u00a0\u00bb custom_margin_phone=\u00a0\u00bb|||0px|false|false\u00a0\u00bb custom_margin_last_edited=\u00a0\u00bbon|phone\u00a0\u00bb custom_padding=\u00a0\u00bb50px|50px|50px|50px|true|true\u00a0\u00bb custom_padding_tablet=\u00a0\u00bb\u00a0\u00bb custom_padding_phone=\u00a0\u00bb\u00a0\u00bb custom_padding_last_edited=\u00a0\u00bbon|tablet\u00a0\u00bb hover_enabled=\u00a0\u00bb0&Prime; global_colors_info=\u00a0\u00bb{}\u00a0\u00bb sticky_enabled=\u00a0\u00bb0&Prime;]<\/p>\n<p class=\"font_8\"><strong>Pour l&rsquo;acqu\u00e9reur :<\/strong><\/p>\n<p>&nbsp;<\/p>\n<ul>\n<li><span>L&rsquo;achat en viager est un investissement immobilier sans souci de la gestion locative (non-paiement des loyers, d\u00e9gradation du logement, etc) <\/span><\/li>\n<li><span>Permet de se constituer un patrimoine en immobilier Acheter un viager occup\u00e9 permet d&rsquo;\u00e9viter de passer par une banque\u00a0 (condition souvent d\u00e9favorable aux investisseurs)<\/span><\/li>\n<li><span> Placement \u00e0 long terme pour transmettre un patrimoine immobilier par donation \u00e0 ses enfants<\/span><\/li>\n<\/ul>\n<p>[\/et_pb_text][\/et_pb_column][\/et_pb_row][et_pb_row _builder_version=\u00a0\u00bb4.16&Prime; _module_preset=\u00a0\u00bbdefault\u00a0\u00bb custom_padding=\u00a0\u00bb|34px||34px||\u00a0\u00bb locked=\u00a0\u00bboff\u00a0\u00bb global_colors_info=\u00a0\u00bb{}\u00a0\u00bb][et_pb_column type=\u00a0\u00bb4_4&Prime; _builder_version=\u00a0\u00bb4.16&Prime; _module_preset=\u00a0\u00bbdefault\u00a0\u00bb global_colors_info=\u00a0\u00bb{}\u00a0\u00bb][et_pb_text _builder_version=\u00a0\u00bb4.20.0&Prime; _module_preset=\u00a0\u00bbdefault\u00a0\u00bb global_colors_info=\u00a0\u00bb{}\u00a0\u00bb]<\/p>\n<p style=\"text-align: center;\"><strong>VIVRE EN VIAGER C&rsquo;EST MIEUX VIVRE !<\/strong><\/p>\n<p>[\/et_pb_text][et_pb_text _builder_version=\u00a0\u00bb4.20.0&Prime; _module_preset=\u00a0\u00bbdefault\u00a0\u00bb global_colors_info=\u00a0\u00bb{}\u00a0\u00bb]<\/p>\n<p style=\"text-align: center;\">Acheter en viager, c&rsquo;est acqu\u00e9rir un bien pour un montant moins \u00e9lev\u00e9 que dans le cadre d&rsquo;une vente classique et augmenter son patrimoine sans pressions fiscales suppl\u00e9mentaires.<\/p>\n<p>[\/et_pb_text][\/et_pb_column][\/et_pb_row][\/et_pb_section]<\/p>\n","protected":false},"excerpt":{"rendered":"<p>LE VIAGER C&rsquo;EST LA BELLE VIE !Qu&rsquo;est-ce que le viager ?Pour le vendeur : &nbsp; Vente de gr\u00e9 \u00e0 gr\u00e9 Une retraite compl\u00e9mentaire Une rente vers\u00e9e tous les mois Une vente tradition : particularit\u00e9 porte sur les modalit\u00e9s de paiement (bouquet + rente) Droit d&rsquo;usage et d&rsquo;habitat pour vivre sereinement sans se soucier d&rsquo;argent et [&hellip;]<\/p>\n","protected":false},"author":1,"featured_media":0,"parent":0,"menu_order":0,"comment_status":"closed","ping_status":"closed","template":"","meta":{"_acf_changed":false,"_et_pb_use_builder":"on","_et_pb_old_content":"","_et_gb_content_width":"","footnotes":""},"class_list":["post-219000","page","type-page","status-publish","hentry"],"acf":[],"yoast_head":"<!-- This site is optimized with the Yoast SEO plugin v27.4 - https:\/\/yoast.com\/product\/yoast-seo-wordpress\/ -->\n<title>Agence immobili\u00e8re OVAL Immo : Estimation, Achat, Vente<\/title>\n<meta name=\"description\" content=\"Sp\u00e9cialiste de votre immobilier, acc\u00e9l\u00e9rateur de projets heureux. nous vous accompagnons dans vos projets (vente, achat, location, r\u00e9sidence principale, investissement\u2026).\" \/>\n<meta name=\"robots\" content=\"index, follow, max-snippet:-1, max-image-preview:large, max-video-preview:-1\" \/>\n<link rel=\"canonical\" href=\"https:\/\/oval-immo.fr\/?page_id=219000\" \/>\n<meta property=\"og:locale\" content=\"fr_FR\" \/>\n<meta property=\"og:type\" content=\"article\" \/>\n<meta property=\"og:title\" content=\"Agence immobili\u00e8re OVAL Immo : Estimation, Achat, Vente\" \/>\n<meta property=\"og:description\" content=\"Sp\u00e9cialiste de votre immobilier, acc\u00e9l\u00e9rateur de projets heureux. nous vous accompagnons dans vos projets (vente, achat, location, r\u00e9sidence principale, investissement\u2026).\" \/>\n<meta property=\"og:url\" content=\"https:\/\/oval-immo.fr\/?page_id=219000\" \/>\n<meta property=\"og:site_name\" content=\"Agence immobili\u00e8re OVAL Immo : Estimation, Achat, Vente\" \/>\n<meta property=\"article:modified_time\" content=\"2023-03-03T10:06:29+00:00\" \/>\n<meta name=\"twitter:label1\" content=\"Dur\u00e9e de lecture estim\u00e9e\" \/>\n\t<meta name=\"twitter:data1\" content=\"2 minutes\" \/>\n<script type=\"application\/ld+json\" class=\"yoast-schema-graph\">{\"@context\":\"https:\\\/\\\/schema.org\",\"@graph\":[{\"@type\":\"WebPage\",\"@id\":\"https:\\\/\\\/oval-immo.fr\\\/?page_id=219000\",\"url\":\"https:\\\/\\\/oval-immo.fr\\\/?page_id=219000\",\"name\":\"Agence immobili\u00e8re OVAL Immo : Estimation, Achat, Vente\",\"isPartOf\":{\"@id\":\"https:\\\/\\\/oval-immo.fr\\\/#website\"},\"datePublished\":\"2023-02-16T09:43:59+00:00\",\"dateModified\":\"2023-03-03T10:06:29+00:00\",\"description\":\"Sp\u00e9cialiste de votre immobilier, acc\u00e9l\u00e9rateur de projets heureux. nous vous accompagnons dans vos projets (vente, achat, location, r\u00e9sidence principale, investissement\u2026).\",\"inLanguage\":\"fr-FR\",\"potentialAction\":[{\"@type\":\"ReadAction\",\"target\":[\"https:\\\/\\\/oval-immo.fr\\\/?page_id=219000\"]}]},{\"@type\":\"WebSite\",\"@id\":\"https:\\\/\\\/oval-immo.fr\\\/#website\",\"url\":\"https:\\\/\\\/oval-immo.fr\\\/\",\"name\":\"Agence immobili\u00e8re OVAL Immo : Estimation, Achat, Vente\",\"description\":\"Votre agence immobiliere\",\"publisher\":{\"@id\":\"https:\\\/\\\/oval-immo.fr\\\/#organization\"},\"potentialAction\":[{\"@type\":\"SearchAction\",\"target\":{\"@type\":\"EntryPoint\",\"urlTemplate\":\"https:\\\/\\\/oval-immo.fr\\\/?s={search_term_string}\"},\"query-input\":{\"@type\":\"PropertyValueSpecification\",\"valueRequired\":true,\"valueName\":\"search_term_string\"}}],\"inLanguage\":\"fr-FR\"},{\"@type\":\"Organization\",\"@id\":\"https:\\\/\\\/oval-immo.fr\\\/#organization\",\"name\":\"OVAL Immo\",\"url\":\"https:\\\/\\\/oval-immo.fr\\\/\",\"logo\":{\"@type\":\"ImageObject\",\"inLanguage\":\"fr-FR\",\"@id\":\"https:\\\/\\\/oval-immo.fr\\\/#\\\/schema\\\/logo\\\/image\\\/\",\"url\":\"https:\\\/\\\/oval-immo.fr\\\/wp-content\\\/uploads\\\/2021\\\/03\\\/logo_footer.png\",\"contentUrl\":\"https:\\\/\\\/oval-immo.fr\\\/wp-content\\\/uploads\\\/2021\\\/03\\\/logo_footer.png\",\"width\":295,\"height\":281,\"caption\":\"OVAL Immo\"},\"image\":{\"@id\":\"https:\\\/\\\/oval-immo.fr\\\/#\\\/schema\\\/logo\\\/image\\\/\"}}]}<\/script>\n<!-- \/ Yoast SEO plugin. -->","yoast_head_json":{"title":"Agence immobili\u00e8re OVAL Immo : Estimation, Achat, Vente","description":"Sp\u00e9cialiste de votre immobilier, acc\u00e9l\u00e9rateur de projets heureux. nous vous accompagnons dans vos projets (vente, achat, location, r\u00e9sidence principale, investissement\u2026).","robots":{"index":"index","follow":"follow","max-snippet":"max-snippet:-1","max-image-preview":"max-image-preview:large","max-video-preview":"max-video-preview:-1"},"canonical":"https:\/\/oval-immo.fr\/?page_id=219000","og_locale":"fr_FR","og_type":"article","og_title":"Agence immobili\u00e8re OVAL Immo : Estimation, Achat, Vente","og_description":"Sp\u00e9cialiste de votre immobilier, acc\u00e9l\u00e9rateur de projets heureux. nous vous accompagnons dans vos projets (vente, achat, location, r\u00e9sidence principale, investissement\u2026).","og_url":"https:\/\/oval-immo.fr\/?page_id=219000","og_site_name":"Agence immobili\u00e8re OVAL Immo : Estimation, Achat, Vente","article_modified_time":"2023-03-03T10:06:29+00:00","twitter_misc":{"Dur\u00e9e de lecture estim\u00e9e":"2 minutes"},"schema":{"@context":"https:\/\/schema.org","@graph":[{"@type":"WebPage","@id":"https:\/\/oval-immo.fr\/?page_id=219000","url":"https:\/\/oval-immo.fr\/?page_id=219000","name":"Agence immobili\u00e8re OVAL Immo : Estimation, Achat, Vente","isPartOf":{"@id":"https:\/\/oval-immo.fr\/#website"},"datePublished":"2023-02-16T09:43:59+00:00","dateModified":"2023-03-03T10:06:29+00:00","description":"Sp\u00e9cialiste de votre immobilier, acc\u00e9l\u00e9rateur de projets heureux. nous vous accompagnons dans vos projets (vente, achat, location, r\u00e9sidence principale, investissement\u2026).","inLanguage":"fr-FR","potentialAction":[{"@type":"ReadAction","target":["https:\/\/oval-immo.fr\/?page_id=219000"]}]},{"@type":"WebSite","@id":"https:\/\/oval-immo.fr\/#website","url":"https:\/\/oval-immo.fr\/","name":"Agence immobili\u00e8re OVAL Immo : Estimation, Achat, Vente","description":"Votre agence immobiliere","publisher":{"@id":"https:\/\/oval-immo.fr\/#organization"},"potentialAction":[{"@type":"SearchAction","target":{"@type":"EntryPoint","urlTemplate":"https:\/\/oval-immo.fr\/?s={search_term_string}"},"query-input":{"@type":"PropertyValueSpecification","valueRequired":true,"valueName":"search_term_string"}}],"inLanguage":"fr-FR"},{"@type":"Organization","@id":"https:\/\/oval-immo.fr\/#organization","name":"OVAL Immo","url":"https:\/\/oval-immo.fr\/","logo":{"@type":"ImageObject","inLanguage":"fr-FR","@id":"https:\/\/oval-immo.fr\/#\/schema\/logo\/image\/","url":"https:\/\/oval-immo.fr\/wp-content\/uploads\/2021\/03\/logo_footer.png","contentUrl":"https:\/\/oval-immo.fr\/wp-content\/uploads\/2021\/03\/logo_footer.png","width":295,"height":281,"caption":"OVAL Immo"},"image":{"@id":"https:\/\/oval-immo.fr\/#\/schema\/logo\/image\/"}}]}},"_links":{"self":[{"href":"https:\/\/oval-immo.fr\/index.php?rest_route=\/wp\/v2\/pages\/219000","targetHints":{"allow":["GET"]}}],"collection":[{"href":"https:\/\/oval-immo.fr\/index.php?rest_route=\/wp\/v2\/pages"}],"about":[{"href":"https:\/\/oval-immo.fr\/index.php?rest_route=\/wp\/v2\/types\/page"}],"author":[{"embeddable":true,"href":"https:\/\/oval-immo.fr\/index.php?rest_route=\/wp\/v2\/users\/1"}],"replies":[{"embeddable":true,"href":"https:\/\/oval-immo.fr\/index.php?rest_route=%2Fwp%2Fv2%2Fcomments&post=219000"}],"version-history":[{"count":18,"href":"https:\/\/oval-immo.fr\/index.php?rest_route=\/wp\/v2\/pages\/219000\/revisions"}],"predecessor-version":[{"id":219097,"href":"https:\/\/oval-immo.fr\/index.php?rest_route=\/wp\/v2\/pages\/219000\/revisions\/219097"}],"wp:attachment":[{"href":"https:\/\/oval-immo.fr\/index.php?rest_route=%2Fwp%2Fv2%2Fmedia&parent=219000"}],"curies":[{"name":"wp","href":"https:\/\/api.w.org\/{rel}","templated":true}]}}