{"id":214164,"date":"2021-03-19T14:27:44","date_gmt":"2021-03-19T13:27:44","guid":{"rendered":"https:\/\/oval-immo.fr\/?page_id=214164"},"modified":"2025-12-01T17:41:40","modified_gmt":"2025-12-01T16:41:40","slug":"brouillon-auto-2","status":"publish","type":"page","link":"https:\/\/oval-immo.fr\/?page_id=214164","title":{"rendered":"A propos"},"content":{"rendered":"<p>[et_pb_section fb_built=\u00a0\u00bb1&Prime; admin_label=\u00a0\u00bbSplit Section\u00a0\u00bb _builder_version=\u00a0\u00bb4.16&Prime; custom_margin=\u00a0\u00bb50px||||false|false\u00a0\u00bb custom_padding=\u00a0\u00bb0px||0px|\u00a0\u00bb animation_style=\u00a0\u00bbfold\u00a0\u00bb animation_direction=\u00a0\u00bbbottom\u00a0\u00bb animation_intensity_fold=\u00a0\u00bb4%\u00a0\u00bb global_colors_info=\u00a0\u00bb{}\u00a0\u00bb][et_pb_row _builder_version=\u00a0\u00bb4.16&Prime; _module_preset=\u00a0\u00bbdefault\u00a0\u00bb custom_padding=\u00a0\u00bb|34px||34px||\u00a0\u00bb global_colors_info=\u00a0\u00bb{}\u00a0\u00bb][et_pb_column type=\u00a0\u00bb4_4&Prime; _builder_version=\u00a0\u00bb4.16&Prime; _module_preset=\u00a0\u00bbdefault\u00a0\u00bb global_colors_info=\u00a0\u00bb{}\u00a0\u00bb][et_pb_text _builder_version=\u00a0\u00bb4.16&Prime; _module_preset=\u00a0\u00bbdefault\u00a0\u00bb header_font=\u00a0\u00bbJosefin Sans||||||||\u00a0\u00bb header_font_size=\u00a0\u00bb43px\u00a0\u00bb global_colors_info=\u00a0\u00bb{}\u00a0\u00bb]<\/p>\n<h1 style=\"text-align: center;\">\u00c0 PROPOS<\/h1>\n<p>[\/et_pb_text][et_pb_text _builder_version=\u00a0\u00bb4.16&Prime; _module_preset=\u00a0\u00bbdefault\u00a0\u00bb global_colors_info=\u00a0\u00bb{}\u00a0\u00bb]<\/p>\n<p style=\"text-align: center;\">Bienvenue chez Oval immobilier, notre agence immobili\u00e8re situ\u00e9e 4 Avenue Mar\u00e9chal Foch, Brive la gaillarde. Nos agents sont exp\u00e9riment\u00e9s, comp\u00e9tents et sp\u00e9cialistes de la ville de Brive et ses alentours.<\/p>\n<p>[\/et_pb_text][et_pb_text _builder_version=\u00a0\u00bb4.16&Prime; _module_preset=\u00a0\u00bbdefault\u00a0\u00bb global_colors_info=\u00a0\u00bb{}\u00a0\u00bb]<\/p>\n<p style=\"text-align: center;\">Oval immobilier, c\u2019est aussi un r\u00e9seau de professionnels \u00e0 votre \u00e9coute: artisans, experts techniques, partenaires bancaires, gestionnaires de patrimoine, notaires.<\/p>\n<p>[\/et_pb_text][et_pb_text _builder_version=\u00a0\u00bb4.16&Prime; _module_preset=\u00a0\u00bbdefault\u00a0\u00bb global_colors_info=\u00a0\u00bb{}\u00a0\u00bb]<\/p>\n<p style=\"text-align: center;\">Nous nous adaptons aux caract\u00e9ristiques de chacun des biens qui nous sont confi\u00e9s. Notre objectif \u00e9tant d&rsquo;obtenir une visibilit\u00e9 percutante pour un r\u00e9sultat optimal. Pour discuter de la mani\u00e8re dont nous pouvons vous aider dans votre vente ou votre location, appelez-nous ou envoyez-nous un mail \u00e0 info@oval-immo.fr.<\/p>\n<p>[\/et_pb_text][\/et_pb_column][\/et_pb_row][\/et_pb_section][et_pb_section fb_built=\u00a0\u00bb1&Prime; admin_label=\u00a0\u00bbSplit Section\u00a0\u00bb _builder_version=\u00a0\u00bb4.16&Prime; custom_margin=\u00a0\u00bb25px||65px||false|false\u00a0\u00bb custom_padding=\u00a0\u00bb0px||0px|\u00a0\u00bb animation_style=\u00a0\u00bbfold\u00a0\u00bb animation_direction=\u00a0\u00bbbottom\u00a0\u00bb animation_intensity_fold=\u00a0\u00bb4%\u00a0\u00bb global_colors_info=\u00a0\u00bb{}\u00a0\u00bb][et_pb_row column_structure=\u00a0\u00bb1_3,1_3,1_3&Prime; _builder_version=\u00a0\u00bb4.16&Prime; _module_preset=\u00a0\u00bbdefault\u00a0\u00bb width=\u00a0\u00bb100%\u00a0\u00bb max_width=\u00a0\u00bb1606px\u00a0\u00bb custom_padding=\u00a0\u00bb|81px||81px||\u00a0\u00bb global_colors_info=\u00a0\u00bb{}\u00a0\u00bb][et_pb_column type=\u00a0\u00bb1_3&Prime; _builder_version=\u00a0\u00bb4.16&Prime; _module_preset=\u00a0\u00bbdefault\u00a0\u00bb global_colors_info=\u00a0\u00bb{}\u00a0\u00bb][et_pb_image src=\u00a0\u00bbhttps:\/\/oval-immo.fr\/wp-content\/uploads\/2025\/12\/image-valeur.jpg\u00a0\u00bb title_text=\u00a0\u00bbimage-valeur\u00a0\u00bb _builder_version=\u00a0\u00bb4.27.4&Prime; _module_preset=\u00a0\u00bbdefault\u00a0\u00bb transform_scale_tablet=\u00a0\u00bb\u00a0\u00bb transform_scale_phone=\u00a0\u00bb\u00a0\u00bb transform_scale_last_edited=\u00a0\u00bbon|phone\u00a0\u00bb transform_translate_tablet=\u00a0\u00bb\u00a0\u00bb transform_translate_phone=\u00a0\u00bb\u00a0\u00bb transform_translate_last_edited=\u00a0\u00bbon|phone\u00a0\u00bb transform_rotate_tablet=\u00a0\u00bb\u00a0\u00bb transform_rotate_phone=\u00a0\u00bb\u00a0\u00bb transform_rotate_last_edited=\u00a0\u00bbon|phone\u00a0\u00bb transform_skew_tablet=\u00a0\u00bb\u00a0\u00bb transform_skew_phone=\u00a0\u00bb\u00a0\u00bb transform_skew_last_edited=\u00a0\u00bbon|phone\u00a0\u00bb transform_origin_tablet=\u00a0\u00bb\u00a0\u00bb transform_origin_phone=\u00a0\u00bb\u00a0\u00bb transform_origin_last_edited=\u00a0\u00bbon|phone\u00a0\u00bb transform_styles_last_edited=\u00a0\u00bbon|phone\u00a0\u00bb hover_enabled=\u00a0\u00bb0&Prime; transform_styles_tablet=\u00a0\u00bb\u00a0\u00bb transform_styles_phone=\u00a0\u00bb\u00a0\u00bb global_colors_info=\u00a0\u00bb{}\u00a0\u00bb sticky_enabled=\u00a0\u00bb0&Prime; max_height=\u00a0\u00bb646px\u00a0\u00bb align=\u00a0\u00bbcenter\u00a0\u00bb][\/et_pb_image][et_pb_text _builder_version=\u00a0\u00bb4.16&Prime; _module_preset=\u00a0\u00bbdefault\u00a0\u00bb text_font_size=\u00a0\u00bb21px\u00a0\u00bb header_font_size=\u00a0\u00bb23px\u00a0\u00bb custom_margin=\u00a0\u00bb0px||||false|false\u00a0\u00bb custom_margin_tablet=\u00a0\u00bb\u00a0\u00bb custom_margin_phone=\u00a0\u00bb|-24px||0px|false|false\u00a0\u00bb custom_margin_last_edited=\u00a0\u00bbon|phone\u00a0\u00bb custom_padding=\u00a0\u00bb0px|0px||0px|false|false\u00a0\u00bb global_colors_info=\u00a0\u00bb{}\u00a0\u00bb]<\/p>\n<h1>NOTRE VISION :<\/h1>\n<p>[\/et_pb_text][et_pb_text _builder_version=\u00a0\u00bb4.16&Prime; _module_preset=\u00a0\u00bbdefault\u00a0\u00bb custom_margin=\u00a0\u00bb|100px||0px|false|false\u00a0\u00bb custom_margin_tablet=\u00a0\u00bb\u00a0\u00bb custom_margin_phone=\u00a0\u00bb|0px||0px|false|false\u00a0\u00bb custom_margin_last_edited=\u00a0\u00bbon|phone\u00a0\u00bb text_font_size_tablet=\u00a0\u00bb\u00a0\u00bb text_font_size_phone=\u00a0\u00bb17px\u00a0\u00bb text_font_size_last_edited=\u00a0\u00bbon|phone\u00a0\u00bb text_orientation_tablet=\u00a0\u00bb\u00a0\u00bb text_orientation_phone=\u00a0\u00bbleft\u00a0\u00bb text_orientation_last_edited=\u00a0\u00bbon|phone\u00a0\u00bb global_colors_info=\u00a0\u00bb{}\u00a0\u00bb]<\/p>\n<p>Changer les codes pour offrir \u00e0 nos clients, acqu\u00e9reurs, vendeurs, bailleurs et locataires une nouvelle exp\u00e9rience de l&rsquo;immobilier, voici en quelques mots notre vision de l\u2019immobilier.<\/p>\n<p>[\/et_pb_text][et_pb_text _builder_version=\u00a0\u00bb4.16&Prime; _module_preset=\u00a0\u00bbdefault\u00a0\u00bb custom_margin=\u00a0\u00bb-15px|0px|||false|false\u00a0\u00bb global_colors_info=\u00a0\u00bb{}\u00a0\u00bb]<\/p>\n<p>Comment ? En privil\u00e9giant toujours la qualit\u00e9 \u00e0 la quantit\u00e9. Nous prenons soin de chaque bien comme si c&rsquo;\u00e9tait le n\u00f4tre et surtout, nous prenons le temps de le conna\u00eetre sur le bout des doigts et de r\u00e9v\u00e9ler le plein potentiel de chacun.<\/p>\n<p>[\/et_pb_text][et_pb_text _builder_version=\u00a0\u00bb4.16&Prime; _module_preset=\u00a0\u00bbdefault\u00a0\u00bb custom_margin=\u00a0\u00bb|100px||0px|false|false\u00a0\u00bb custom_margin_tablet=\u00a0\u00bb\u00a0\u00bb custom_margin_phone=\u00a0\u00bb|0px||0px|false|false\u00a0\u00bb custom_margin_last_edited=\u00a0\u00bbon|phone\u00a0\u00bb text_font_size_tablet=\u00a0\u00bb\u00a0\u00bb text_font_size_phone=\u00a0\u00bb17px\u00a0\u00bb text_font_size_last_edited=\u00a0\u00bbon|phone\u00a0\u00bb text_orientation_tablet=\u00a0\u00bb\u00a0\u00bb text_orientation_phone=\u00a0\u00bbleft\u00a0\u00bb text_orientation_last_edited=\u00a0\u00bbon|phone\u00a0\u00bb global_colors_info=\u00a0\u00bb{}\u00a0\u00bb]<\/p>\n<p>Cette analyse et cette connaissance parfaite du bien, coupl\u00e9es \u00e0 notre communication bas\u00e9e sur la photographie et les r\u00e9seaux sociaux nous permettent de trouver rapidement l&rsquo;acqu\u00e9reur ou le locataire qui aura le \u00ab\u00a0Coup de Coeur\u00a0\u00bb pour votre logement.<\/p>\n<p>[\/et_pb_text][\/et_pb_column][et_pb_column type=\u00a0\u00bb1_3&Prime; _builder_version=\u00a0\u00bb4.16&Prime; _module_preset=\u00a0\u00bbdefault\u00a0\u00bb global_colors_info=\u00a0\u00bb{}\u00a0\u00bb][et_pb_image src=\u00a0\u00bbhttps:\/\/oval-immo.fr\/wp-content\/uploads\/2021\/04\/IMG_5633-scaled.jpg\u00a0\u00bb title_text=\u00a0\u00bbIMG_5633&Prime; _builder_version=\u00a0\u00bb4.27.4&Prime; _module_preset=\u00a0\u00bbdefault\u00a0\u00bb global_colors_info=\u00a0\u00bb{}\u00a0\u00bb][\/et_pb_image][et_pb_text _builder_version=\u00a0\u00bb4.16&Prime; _module_preset=\u00a0\u00bbdefault\u00a0\u00bb text_font_size=\u00a0\u00bb21px\u00a0\u00bb header_font_size=\u00a0\u00bb23px\u00a0\u00bb custom_margin=\u00a0\u00bb0px||||false|false\u00a0\u00bb custom_margin_tablet=\u00a0\u00bb\u00a0\u00bb custom_margin_phone=\u00a0\u00bb|-24px||0px|false|false\u00a0\u00bb custom_margin_last_edited=\u00a0\u00bbon|phone\u00a0\u00bb custom_padding=\u00a0\u00bb0px|0px||0px|false|false\u00a0\u00bb global_colors_info=\u00a0\u00bb{}\u00a0\u00bb]<\/p>\n<h1>NOS VALEURS :<\/h1>\n<p>[\/et_pb_text][et_pb_text _builder_version=\u00a0\u00bb4.16&Prime; _module_preset=\u00a0\u00bbdefault\u00a0\u00bb custom_margin=\u00a0\u00bb|100px||0px|false|false\u00a0\u00bb custom_margin_tablet=\u00a0\u00bb\u00a0\u00bb custom_margin_phone=\u00a0\u00bb|0px||0px|false|false\u00a0\u00bb custom_margin_last_edited=\u00a0\u00bbon|phone\u00a0\u00bb text_font_size_tablet=\u00a0\u00bb\u00a0\u00bb text_font_size_phone=\u00a0\u00bb17px\u00a0\u00bb text_font_size_last_edited=\u00a0\u00bbon|phone\u00a0\u00bb text_orientation_tablet=\u00a0\u00bb\u00a0\u00bb text_orientation_phone=\u00a0\u00bbleft\u00a0\u00bb text_orientation_last_edited=\u00a0\u00bbon|phone\u00a0\u00bb locked=\u00a0\u00bboff\u00a0\u00bb global_colors_info=\u00a0\u00bb{}\u00a0\u00bb]<\/p>\n<p>Nos valeurs tiennent en trois mots: R\u00e9activit\u00e9, Connaissance, Discr\u00e9tion.<\/p>\n<p>[\/et_pb_text][et_pb_text _builder_version=\u00a0\u00bb4.16&Prime; _module_preset=\u00a0\u00bbdefault\u00a0\u00bb custom_margin=\u00a0\u00bb|100px||0px|false|false\u00a0\u00bb custom_margin_tablet=\u00a0\u00bb\u00a0\u00bb custom_margin_phone=\u00a0\u00bb|0px||0px|false|false\u00a0\u00bb custom_margin_last_edited=\u00a0\u00bbon|phone\u00a0\u00bb text_font_size_tablet=\u00a0\u00bb\u00a0\u00bb text_font_size_phone=\u00a0\u00bb17px\u00a0\u00bb text_font_size_last_edited=\u00a0\u00bbon|phone\u00a0\u00bb text_orientation_tablet=\u00a0\u00bb\u00a0\u00bb text_orientation_phone=\u00a0\u00bbleft\u00a0\u00bb text_orientation_last_edited=\u00a0\u00bbon|phone\u00a0\u00bb locked=\u00a0\u00bboff\u00a0\u00bb global_colors_info=\u00a0\u00bb{}\u00a0\u00bb]<\/p>\n<p>Parce que nous savons que vendre ou acheter est un moment important dans une vie, nous avons inscrit l&rsquo;accompagnement, l&rsquo;\u00e9coute, la r\u00e9activit\u00e9 et la discr\u00e9tion dans l&rsquo;ADN d\u2019Oval Immobilier.<\/p>\n<p>[\/et_pb_text][et_pb_text _builder_version=\u00a0\u00bb4.16&Prime; _module_preset=\u00a0\u00bbdefault\u00a0\u00bb custom_margin=\u00a0\u00bb|100px||0px|false|false\u00a0\u00bb custom_margin_tablet=\u00a0\u00bb\u00a0\u00bb custom_margin_phone=\u00a0\u00bb|0px||0px|false|false\u00a0\u00bb custom_margin_last_edited=\u00a0\u00bbon|phone\u00a0\u00bb text_font_size_tablet=\u00a0\u00bb\u00a0\u00bb text_font_size_phone=\u00a0\u00bb17px\u00a0\u00bb text_font_size_last_edited=\u00a0\u00bbon|phone\u00a0\u00bb text_orientation_tablet=\u00a0\u00bb\u00a0\u00bb text_orientation_phone=\u00a0\u00bbleft\u00a0\u00bb text_orientation_last_edited=\u00a0\u00bbon|phone\u00a0\u00bb locked=\u00a0\u00bboff\u00a0\u00bb global_colors_info=\u00a0\u00bb{}\u00a0\u00bb]<\/p>\n<p>Parce que seule la connaissance pointue des logements que nous mettons en vente ou en location nous permettra de trouver le meilleur acqu\u00e9reur ou locataire, nous recherchons tout ce qu&rsquo;il y a \u00e0 savoir sur son histoire et la v\u00f4tre. Nous vous promettons une relation de confiance, authentique et transparente.<\/p>\n<p>[\/et_pb_text][et_pb_text _builder_version=\u00a0\u00bb4.16&Prime; _module_preset=\u00a0\u00bbdefault\u00a0\u00bb custom_margin=\u00a0\u00bb|100px||0px|false|false\u00a0\u00bb custom_margin_tablet=\u00a0\u00bb\u00a0\u00bb custom_margin_phone=\u00a0\u00bb|0px||0px|false|false\u00a0\u00bb custom_margin_last_edited=\u00a0\u00bbon|phone\u00a0\u00bb text_font_size_tablet=\u00a0\u00bb\u00a0\u00bb text_font_size_phone=\u00a0\u00bb17px\u00a0\u00bb text_font_size_last_edited=\u00a0\u00bbon|phone\u00a0\u00bb text_orientation_tablet=\u00a0\u00bb\u00a0\u00bb text_orientation_phone=\u00a0\u00bbleft\u00a0\u00bb text_orientation_last_edited=\u00a0\u00bbon|phone\u00a0\u00bb locked=\u00a0\u00bboff\u00a0\u00bb global_colors_info=\u00a0\u00bb{}\u00a0\u00bb]<\/p>\n<p>Parce que l&rsquo;innovation est essentielle pour raviver l&rsquo;image de notre profession, nous ne sommes jamais avares de nouvelles id\u00e9es. Entre \u00e9v\u00e9nements de promotion, nouvelles technologies et communication de pointe, nous poss\u00e9dons une approche artistique accessible et unique pour vendre vos biens.<\/p>\n<p>[\/et_pb_text][\/et_pb_column][et_pb_column type=\u00a0\u00bb1_3&Prime; _builder_version=\u00a0\u00bb4.16&Prime; _module_preset=\u00a0\u00bbdefault\u00a0\u00bb global_colors_info=\u00a0\u00bb{}\u00a0\u00bb][et_pb_image src=\u00a0\u00bbhttps:\/\/oval-immo.fr\/wp-content\/uploads\/2021\/04\/IMG_5636-2-scaled.jpg\u00a0\u00bb title_text=\u00a0\u00bbIMG_5636-2&Prime; _builder_version=\u00a0\u00bb4.19.1&Prime; _module_preset=\u00a0\u00bbdefault\u00a0\u00bb global_colors_info=\u00a0\u00bb{}\u00a0\u00bb][\/et_pb_image][et_pb_text _builder_version=\u00a0\u00bb4.16&Prime; _module_preset=\u00a0\u00bbdefault\u00a0\u00bb text_font_size=\u00a0\u00bb21px\u00a0\u00bb header_font_size=\u00a0\u00bb21px\u00a0\u00bb custom_margin=\u00a0\u00bb0px||||false|false\u00a0\u00bb custom_margin_tablet=\u00a0\u00bb\u00a0\u00bb custom_margin_phone=\u00a0\u00bb|-24px||0px|false|false\u00a0\u00bb custom_margin_last_edited=\u00a0\u00bbon|phone\u00a0\u00bb custom_padding=\u00a0\u00bb0px|0px||0px|false|false\u00a0\u00bb global_colors_info=\u00a0\u00bb{}\u00a0\u00bb]<\/p>\n<h1 class=\"title-about\">NOTRE EXPERTISE :<\/h1>\n<p>[\/et_pb_text][et_pb_text _builder_version=\u00a0\u00bb4.16&Prime; _module_preset=\u00a0\u00bbdefault\u00a0\u00bb custom_margin=\u00a0\u00bb|100px||0px|false|false\u00a0\u00bb custom_margin_tablet=\u00a0\u00bb\u00a0\u00bb custom_margin_phone=\u00a0\u00bb|0px||0px|false|false\u00a0\u00bb custom_margin_last_edited=\u00a0\u00bbon|phone\u00a0\u00bb text_font_size_tablet=\u00a0\u00bb\u00a0\u00bb text_font_size_phone=\u00a0\u00bb17px\u00a0\u00bb text_font_size_last_edited=\u00a0\u00bbon|phone\u00a0\u00bb text_orientation_tablet=\u00a0\u00bb\u00a0\u00bb text_orientation_phone=\u00a0\u00bbleft\u00a0\u00bb text_orientation_last_edited=\u00a0\u00bbon|phone\u00a0\u00bb locked=\u00a0\u00bboff\u00a0\u00bb global_colors_info=\u00a0\u00bb{}\u00a0\u00bb]<\/p>\n<p>Notre expertise commence par les questions que nous vous posons.<\/p>\n<p>[\/et_pb_text][et_pb_text _builder_version=\u00a0\u00bb4.16&Prime; _module_preset=\u00a0\u00bbdefault\u00a0\u00bb custom_margin=\u00a0\u00bb|100px||0px|false|false\u00a0\u00bb custom_margin_tablet=\u00a0\u00bb\u00a0\u00bb custom_margin_phone=\u00a0\u00bb|0px||0px|false|false\u00a0\u00bb custom_margin_last_edited=\u00a0\u00bbon|phone\u00a0\u00bb text_font_size_tablet=\u00a0\u00bb\u00a0\u00bb text_font_size_phone=\u00a0\u00bb17px\u00a0\u00bb text_font_size_last_edited=\u00a0\u00bbon|phone\u00a0\u00bb text_orientation_tablet=\u00a0\u00bb\u00a0\u00bb text_orientation_phone=\u00a0\u00bbleft\u00a0\u00bb text_orientation_last_edited=\u00a0\u00bbon|phone\u00a0\u00bb locked=\u00a0\u00bboff\u00a0\u00bb global_colors_info=\u00a0\u00bb{}\u00a0\u00bb]<\/p>\n<p>Acqu\u00e9reurs, vendeurs, bailleurs ou locataires, notre but est de conna\u00eetre votre histoire et le caract\u00e8re du logement que vous cherchez ou que vous mettez en vente ou en location.<\/p>\n<p>[\/et_pb_text][et_pb_text _builder_version=\u00a0\u00bb4.16&Prime; _module_preset=\u00a0\u00bbdefault\u00a0\u00bb custom_margin=\u00a0\u00bb|100px||0px|false|false\u00a0\u00bb custom_margin_tablet=\u00a0\u00bb\u00a0\u00bb custom_margin_phone=\u00a0\u00bb|0px||0px|false|false\u00a0\u00bb custom_margin_last_edited=\u00a0\u00bbon|phone\u00a0\u00bb text_font_size_tablet=\u00a0\u00bb\u00a0\u00bb text_font_size_phone=\u00a0\u00bb17px\u00a0\u00bb text_font_size_last_edited=\u00a0\u00bbon|phone\u00a0\u00bb text_orientation_tablet=\u00a0\u00bb\u00a0\u00bb text_orientation_phone=\u00a0\u00bbleft\u00a0\u00bb text_orientation_last_edited=\u00a0\u00bbon|phone\u00a0\u00bb locked=\u00a0\u00bboff\u00a0\u00bb global_colors_info=\u00a0\u00bb{}\u00a0\u00bb]<\/p>\n<p>Pour nous, cette compr\u00e9hension et l&rsquo;analyse fine des biens et des quartiers permettent de rassembler rapidement des couples vendeurs-acqu\u00e9reurs ou bailleurs-locataires autour d&rsquo;un m\u00eame projet.<\/p>\n<p>[\/et_pb_text][et_pb_text _builder_version=\u00a0\u00bb4.16&Prime; _module_preset=\u00a0\u00bbdefault\u00a0\u00bb custom_margin=\u00a0\u00bb|100px||0px|false|false\u00a0\u00bb custom_margin_tablet=\u00a0\u00bb\u00a0\u00bb custom_margin_phone=\u00a0\u00bb|0px||0px|false|false\u00a0\u00bb custom_margin_last_edited=\u00a0\u00bbon|phone\u00a0\u00bb text_font_size_tablet=\u00a0\u00bb\u00a0\u00bb text_font_size_phone=\u00a0\u00bb17px\u00a0\u00bb text_font_size_last_edited=\u00a0\u00bbon|phone\u00a0\u00bb text_orientation_tablet=\u00a0\u00bb\u00a0\u00bb text_orientation_phone=\u00a0\u00bbleft\u00a0\u00bb text_orientation_last_edited=\u00a0\u00bbon|phone\u00a0\u00bb locked=\u00a0\u00bboff\u00a0\u00bb global_colors_info=\u00a0\u00bb{}\u00a0\u00bb]<\/p>\n<p>Pour favoriser ces rencontres, nos agents immobiliers travaillent en collaboration avec plusieurs photographes professionnels. Enfin, notre audace en mati\u00e8re de communication est toujours r\u00e9compens\u00e9e. Que ce soit sur les r\u00e9seaux sociaux ou en organisant des \u00e9v\u00e9nements ponctuels dans les logements \u00e0 vendre ou \u00e0 louer, nous fourmillons de cr\u00e9ativit\u00e9 pour r\u00e9v\u00e9ler le potentiel des biens dont nous prenons soin.<\/p>\n<p>[\/et_pb_text][\/et_pb_column][\/et_pb_row][\/et_pb_section]<\/p>\n","protected":false},"excerpt":{"rendered":"<p>\u00c0 PROPOSBienvenue chez Oval immobilier, notre agence immobili\u00e8re situ\u00e9e 4 Avenue Mar\u00e9chal Foch, Brive la gaillarde. Nos agents sont exp\u00e9riment\u00e9s, comp\u00e9tents et sp\u00e9cialistes de la ville de Brive et ses alentours.Oval immobilier, c\u2019est aussi un r\u00e9seau de professionnels \u00e0 votre \u00e9coute: artisans, experts techniques, partenaires bancaires, gestionnaires de patrimoine, notaires.Nous nous adaptons aux caract\u00e9ristiques de [&hellip;]<\/p>\n","protected":false},"author":1,"featured_media":0,"parent":0,"menu_order":0,"comment_status":"closed","ping_status":"closed","template":"","meta":{"_acf_changed":false,"_et_pb_use_builder":"on","_et_pb_old_content":"","_et_gb_content_width":"","footnotes":""},"class_list":["post-214164","page","type-page","status-publish","hentry"],"acf":[],"yoast_head":"<!-- This site is optimized with the Yoast SEO plugin v27.4 - https:\/\/yoast.com\/product\/yoast-seo-wordpress\/ -->\n<title>Agence immobili\u00e8re OVAL Immo : Estimation, Achat, Vente<\/title>\n<meta name=\"description\" content=\"Sp\u00e9cialiste de votre immobilier, acc\u00e9l\u00e9rateur de projets heureux. nous vous accompagnons dans vos projets (vente, achat, location, r\u00e9sidence principale, investissement\u2026).\" \/>\n<meta name=\"robots\" content=\"index, follow, max-snippet:-1, max-image-preview:large, max-video-preview:-1\" \/>\n<link rel=\"canonical\" href=\"https:\/\/oval-immo.fr\/?page_id=214164\" \/>\n<meta property=\"og:locale\" content=\"fr_FR\" \/>\n<meta property=\"og:type\" content=\"article\" \/>\n<meta property=\"og:title\" content=\"Agence immobili\u00e8re OVAL Immo : Estimation, Achat, Vente\" \/>\n<meta property=\"og:description\" content=\"Sp\u00e9cialiste de votre immobilier, acc\u00e9l\u00e9rateur de projets heureux. nous vous accompagnons dans vos projets (vente, achat, location, r\u00e9sidence principale, investissement\u2026).\" \/>\n<meta property=\"og:url\" content=\"https:\/\/oval-immo.fr\/?page_id=214164\" \/>\n<meta property=\"og:site_name\" content=\"Agence immobili\u00e8re OVAL Immo : Estimation, Achat, Vente\" \/>\n<meta property=\"article:modified_time\" content=\"2025-12-01T16:41:40+00:00\" \/>\n<meta name=\"twitter:label1\" content=\"Dur\u00e9e de lecture estim\u00e9e\" \/>\n\t<meta name=\"twitter:data1\" content=\"9 minutes\" \/>\n<script type=\"application\/ld+json\" class=\"yoast-schema-graph\">{\"@context\":\"https:\\\/\\\/schema.org\",\"@graph\":[{\"@type\":\"WebPage\",\"@id\":\"https:\\\/\\\/oval-immo.fr\\\/?page_id=214164\",\"url\":\"https:\\\/\\\/oval-immo.fr\\\/?page_id=214164\",\"name\":\"Agence immobili\u00e8re OVAL Immo : Estimation, Achat, Vente\",\"isPartOf\":{\"@id\":\"https:\\\/\\\/oval-immo.fr\\\/#website\"},\"datePublished\":\"2021-03-19T13:27:44+00:00\",\"dateModified\":\"2025-12-01T16:41:40+00:00\",\"description\":\"Sp\u00e9cialiste de votre immobilier, acc\u00e9l\u00e9rateur de projets heureux. nous vous accompagnons dans vos projets (vente, achat, location, r\u00e9sidence principale, investissement\u2026).\",\"inLanguage\":\"fr-FR\",\"potentialAction\":[{\"@type\":\"ReadAction\",\"target\":[\"https:\\\/\\\/oval-immo.fr\\\/?page_id=214164\"]}]},{\"@type\":\"WebSite\",\"@id\":\"https:\\\/\\\/oval-immo.fr\\\/#website\",\"url\":\"https:\\\/\\\/oval-immo.fr\\\/\",\"name\":\"Agence immobili\u00e8re OVAL Immo : Estimation, Achat, Vente\",\"description\":\"Votre agence immobiliere\",\"publisher\":{\"@id\":\"https:\\\/\\\/oval-immo.fr\\\/#organization\"},\"potentialAction\":[{\"@type\":\"SearchAction\",\"target\":{\"@type\":\"EntryPoint\",\"urlTemplate\":\"https:\\\/\\\/oval-immo.fr\\\/?s={search_term_string}\"},\"query-input\":{\"@type\":\"PropertyValueSpecification\",\"valueRequired\":true,\"valueName\":\"search_term_string\"}}],\"inLanguage\":\"fr-FR\"},{\"@type\":\"Organization\",\"@id\":\"https:\\\/\\\/oval-immo.fr\\\/#organization\",\"name\":\"OVAL Immo\",\"url\":\"https:\\\/\\\/oval-immo.fr\\\/\",\"logo\":{\"@type\":\"ImageObject\",\"inLanguage\":\"fr-FR\",\"@id\":\"https:\\\/\\\/oval-immo.fr\\\/#\\\/schema\\\/logo\\\/image\\\/\",\"url\":\"https:\\\/\\\/oval-immo.fr\\\/wp-content\\\/uploads\\\/2021\\\/03\\\/logo_footer.png\",\"contentUrl\":\"https:\\\/\\\/oval-immo.fr\\\/wp-content\\\/uploads\\\/2021\\\/03\\\/logo_footer.png\",\"width\":295,\"height\":281,\"caption\":\"OVAL Immo\"},\"image\":{\"@id\":\"https:\\\/\\\/oval-immo.fr\\\/#\\\/schema\\\/logo\\\/image\\\/\"}}]}<\/script>\n<!-- \/ Yoast SEO plugin. -->","yoast_head_json":{"title":"Agence immobili\u00e8re OVAL Immo : Estimation, Achat, Vente","description":"Sp\u00e9cialiste de votre immobilier, acc\u00e9l\u00e9rateur de projets heureux. nous vous accompagnons dans vos projets (vente, achat, location, r\u00e9sidence principale, investissement\u2026).","robots":{"index":"index","follow":"follow","max-snippet":"max-snippet:-1","max-image-preview":"max-image-preview:large","max-video-preview":"max-video-preview:-1"},"canonical":"https:\/\/oval-immo.fr\/?page_id=214164","og_locale":"fr_FR","og_type":"article","og_title":"Agence immobili\u00e8re OVAL Immo : Estimation, Achat, Vente","og_description":"Sp\u00e9cialiste de votre immobilier, acc\u00e9l\u00e9rateur de projets heureux. nous vous accompagnons dans vos projets (vente, achat, location, r\u00e9sidence principale, investissement\u2026).","og_url":"https:\/\/oval-immo.fr\/?page_id=214164","og_site_name":"Agence immobili\u00e8re OVAL Immo : Estimation, Achat, Vente","article_modified_time":"2025-12-01T16:41:40+00:00","twitter_misc":{"Dur\u00e9e de lecture estim\u00e9e":"9 minutes"},"schema":{"@context":"https:\/\/schema.org","@graph":[{"@type":"WebPage","@id":"https:\/\/oval-immo.fr\/?page_id=214164","url":"https:\/\/oval-immo.fr\/?page_id=214164","name":"Agence immobili\u00e8re OVAL Immo : Estimation, Achat, Vente","isPartOf":{"@id":"https:\/\/oval-immo.fr\/#website"},"datePublished":"2021-03-19T13:27:44+00:00","dateModified":"2025-12-01T16:41:40+00:00","description":"Sp\u00e9cialiste de votre immobilier, acc\u00e9l\u00e9rateur de projets heureux. nous vous accompagnons dans vos projets (vente, achat, location, r\u00e9sidence principale, investissement\u2026).","inLanguage":"fr-FR","potentialAction":[{"@type":"ReadAction","target":["https:\/\/oval-immo.fr\/?page_id=214164"]}]},{"@type":"WebSite","@id":"https:\/\/oval-immo.fr\/#website","url":"https:\/\/oval-immo.fr\/","name":"Agence immobili\u00e8re OVAL Immo : Estimation, Achat, Vente","description":"Votre agence immobiliere","publisher":{"@id":"https:\/\/oval-immo.fr\/#organization"},"potentialAction":[{"@type":"SearchAction","target":{"@type":"EntryPoint","urlTemplate":"https:\/\/oval-immo.fr\/?s={search_term_string}"},"query-input":{"@type":"PropertyValueSpecification","valueRequired":true,"valueName":"search_term_string"}}],"inLanguage":"fr-FR"},{"@type":"Organization","@id":"https:\/\/oval-immo.fr\/#organization","name":"OVAL Immo","url":"https:\/\/oval-immo.fr\/","logo":{"@type":"ImageObject","inLanguage":"fr-FR","@id":"https:\/\/oval-immo.fr\/#\/schema\/logo\/image\/","url":"https:\/\/oval-immo.fr\/wp-content\/uploads\/2021\/03\/logo_footer.png","contentUrl":"https:\/\/oval-immo.fr\/wp-content\/uploads\/2021\/03\/logo_footer.png","width":295,"height":281,"caption":"OVAL Immo"},"image":{"@id":"https:\/\/oval-immo.fr\/#\/schema\/logo\/image\/"}}]}},"_links":{"self":[{"href":"https:\/\/oval-immo.fr\/index.php?rest_route=\/wp\/v2\/pages\/214164","targetHints":{"allow":["GET"]}}],"collection":[{"href":"https:\/\/oval-immo.fr\/index.php?rest_route=\/wp\/v2\/pages"}],"about":[{"href":"https:\/\/oval-immo.fr\/index.php?rest_route=\/wp\/v2\/types\/page"}],"author":[{"embeddable":true,"href":"https:\/\/oval-immo.fr\/index.php?rest_route=\/wp\/v2\/users\/1"}],"replies":[{"embeddable":true,"href":"https:\/\/oval-immo.fr\/index.php?rest_route=%2Fwp%2Fv2%2Fcomments&post=214164"}],"version-history":[{"count":6,"href":"https:\/\/oval-immo.fr\/index.php?rest_route=\/wp\/v2\/pages\/214164\/revisions"}],"predecessor-version":[{"id":222314,"href":"https:\/\/oval-immo.fr\/index.php?rest_route=\/wp\/v2\/pages\/214164\/revisions\/222314"}],"wp:attachment":[{"href":"https:\/\/oval-immo.fr\/index.php?rest_route=%2Fwp%2Fv2%2Fmedia&parent=214164"}],"curies":[{"name":"wp","href":"https:\/\/api.w.org\/{rel}","templated":true}]}}